{"id":114,"date":"2025-04-02T10:23:10","date_gmt":"2025-04-02T02:23:10","guid":{"rendered":"https:\/\/effirox.com\/?page_id=114"},"modified":"2025-05-25T09:09:47","modified_gmt":"2025-05-25T01:09:47","slug":"contact","status":"publish","type":"page","link":"https:\/\/effirox.com\/de\/contact\/","title":{"rendered":"Contact"},"content":{"rendered":"<div data-elementor-type=\"wp-page\" data-elementor-id=\"114\" class=\"elementor elementor-114\" data-elementor-post-type=\"page\">\n\t\t\t\t<div class=\"wd-negative-gap elementor-element elementor-element-cd9dd3d e-grid e-con-boxed e-con e-parent\" data-id=\"cd9dd3d\" data-element_type=\"container\" data-e-type=\"container\">\n\t\t\t\t\t<div class=\"e-con-inner\">\n\t\t\t\t<div class=\"elementor-element elementor-element-87e3b76 elementor-widget elementor-widget-wd_text_block\" data-id=\"87e3b76\" data-element_type=\"widget\" data-e-type=\"widget\" data-widget_type=\"wd_text_block.default\">\n\t\t\t\t<div class=\"elementor-widget-container\">\n\t\t\t\t\t\t\t<div class=\"wd-text-block reset-last-child text-left\">\n\t\t\t\n\t\t\t<p><strong>Effirox Technology Co., Ltd<\/strong><\/p><p>Address: Building 6, Zhichuang Industrial Park, No. 28 Sanshan Avenue, Nanhai District, Foshan, Guangdong, China<\/p><p><strong>To contact Sales <\/strong><\/p><p>E-mail: <a href=\"mailto:sales@effirox.com\">sales@effirox.com<\/a><\/p><p>What'sapp: 86-17701969397<\/p><p>Mobile\/Wechat: 86-16676315008<\/p><p><strong>For Tech Support:<\/strong> <a href=\"mailto:support@effirox.com\">support@effirox.com<\/a><\/p>\n\t\t\t\t\t<\/div>\n\t\t\t\t\t\t<\/div>\n\t\t\t\t<\/div>\n\t\t\t\t<div class=\"elementor-element elementor-element-73c54a7 elementor-widget elementor-widget-wd_image_or_svg\" data-id=\"73c54a7\" data-element_type=\"widget\" data-e-type=\"widget\" data-widget_type=\"wd_image_or_svg.default\">\n\t\t\t\t<div class=\"elementor-widget-container\">\n\t\t\t\t\t\n\t\t<div class=\"wd-image text-left\">\n\t\t\t\t\t\t\t\t<img fetchpriority=\"high\" decoding=\"async\" width=\"800\" height=\"450\" src=\"https:\/\/effirox.com\/wp-content\/uploads\/2025\/04\/\u5927\u697c_\u526f\u672c-min.png\" class=\"attachment-full size-full\" alt=\"\" srcset=\"https:\/\/effirox.com\/wp-content\/uploads\/2025\/04\/\u5927\u697c_\u526f\u672c-min.png 800w, https:\/\/effirox.com\/wp-content\/uploads\/2025\/04\/\u5927\u697c_\u526f\u672c-min-300x169.png 300w, https:\/\/effirox.com\/wp-content\/uploads\/2025\/04\/\u5927\u697c_\u526f\u672c-min-768x432.png 768w, https:\/\/effirox.com\/wp-content\/uploads\/2025\/04\/\u5927\u697c_\u526f\u672c-min-18x10.png 18w\" sizes=\"(max-width: 800px) 100vw, 800px\" \/>\t\t\t\t\t<\/div>\n\n\t\t\t\t\t\t<\/div>\n\t\t\t\t<\/div>\n\t\t\t\t\t<\/div>\n\t\t\t\t<\/div>\n\t\t<div class=\"wd-negative-gap elementor-element elementor-element-fc036a4 e-flex e-con-boxed e-con e-parent\" data-id=\"fc036a4\" data-element_type=\"container\" data-e-type=\"container\" data-settings=\"{&quot;background_background&quot;:&quot;classic&quot;}\">\n\t\t\t\t\t<div class=\"e-con-inner\">\n\t\t\t\t<div class=\"elementor-element elementor-element-519fd1e1 wd-width-100 elementor-widget elementor-widget-wd_title\" data-id=\"519fd1e1\" data-element_type=\"widget\" data-e-type=\"widget\" data-widget_type=\"wd_title.default\">\n\t\t\t\t<div class=\"elementor-widget-container\">\n\t\t\t\t\t\t\t<div class=\"title-wrapper wd-set-mb reset-last-child wd-title-color-default wd-title-style-default wd-title-size-default text-center\">\n\n\t\t\t\n\t\t\t<div class=\"liner-continer\">\n\t\t\t\t<h2 class=\"woodmart-title-container title wd-fontsize-l\">Erste Schritte mit Effirox<br \/>\n<\/h2> \n\t\t\t\t\t\t\t<\/div>\n\n\t\t\t\t\t\t\t<div class=\"title-after_title reset-last-child wd-fontsize-xs\">\n\t\t\t\t\t<p>Entfesseln Sie die Leistungsf\u00e4higkeit digitaler Etiketten mit unserer einfachen, professionellen und kosteng\u00fcnstigen L\u00f6sung.<\/p>\t\t\t\t<\/div>\n\t\t\t\t\t<\/div>\n\t\t\t\t\t\t<\/div>\n\t\t\t\t<\/div>\n\t\t\t\t<div class=\"elementor-element elementor-element-5b5d4756 elementor-widget elementor-widget-wd_popup\" data-id=\"5b5d4756\" data-element_type=\"widget\" data-e-type=\"widget\" data-widget_type=\"wd_popup.default\">\n\t\t\t\t<div class=\"elementor-widget-container\">\n\t\t\t\t\t\t\t\t\t<div class=\"wd-button-wrapper text-center\" >\n\t\t\t<a class=\"btn btn-style-default btn-shape-semi-round btn-size-large wd-open-popup btn-color-white btn-icon-pos-right\"  href=\"#popup-6809e9e6562d0\">\n\t\t\t\t<span class=\"wd-btn-text\" data-elementor-setting-key=\"text\">\n\t\t\t\t\tAngebot anfordern\t\t\t\t<\/span>\n\n\t\t\t\t\t\t\t<\/a>\n\t\t<\/div>\n\t\t\t\t\t\t\t<div id=\"popup-6809e9e6562d0\" class=\"wd-popup wd-popup-element wd-entry-content mfp-hide\" style=\"--wd-popup-width:800px;\">\n\t\t\t\t\t\t\t<link rel=\"stylesheet\" id=\"elementor-post-2752-css\" href=\"https:\/\/effirox.com\/wp-content\/uploads\/elementor\/css\/post-2752.css?ver=1776974884\" type=\"text\/css\" media=\"all\">\n\t\t\t\t\t<div data-elementor-type=\"wp-post\" data-elementor-id=\"2752\" class=\"elementor elementor-2752\" data-elementor-post-type=\"cms_block\">\n\t\t\t\t<div class=\"wd-negative-gap elementor-element elementor-element-e7ee40e e-flex e-con-boxed e-con e-parent\" data-id=\"e7ee40e\" data-element_type=\"container\" data-e-type=\"container\">\n\t\t\t\t\t<div class=\"e-con-inner\">\n\t\t\t\t<div class=\"elementor-element elementor-element-024e237 elementor-widget elementor-widget-jet-form-builder-form\" data-id=\"024e237\" data-element_type=\"widget\" data-e-type=\"widget\" data-widget_type=\"jet-form-builder-form.default\">\n\t\t\t\t<div class=\"elementor-widget-container\">\n\t\t\t\t\t<link rel='stylesheet' id='wp-block-library-css' href='https:\/\/effirox.com\/wp-includes\/css\/dist\/block-library\/style.min.css?ver=6.8.5' type='text\/css' media='all' \/>\n<style id=\"jet-form-builder-617-inline-css\"><\/style><form  class=\"jet-form-builder layout-column submit-type-ajax\" action=\"https:\/\/effirox.com\/de\/wp-json\/wp\/v2\/pages\/114\/?GffGph=K2nmnAY9Ox&#038;method=reload\" method=\"POST\" data-form-id=\"617\" data-layout=\"column\" enctype=\"multipart\/form-data\" novalidate=\"null\" ssr_validation_method=\"rest\" data-trp-original-action=\"https:\/\/effirox.com\/de\/wp-json\/wp\/v2\/pages\/114\/?GffGph=K2nmnAY9Ox&amp;method=reload\"><input type=\"hidden\" id=\"_wpnonce\" name=\"_wpnonce\" value=\"568f0fa0aa\" \/><input type=\"hidden\" name=\"_wp_http_referer\" value=\"\/de\/wp-json\/wp\/v2\/pages\/114\" \/>\r\n<input type=\"hidden\" name=\"_jfb_current_render_states[]\" value=\"DEFAULT.STATE\" data-jfb-sync \/><input type=\"hidden\" class=\"jet-form-builder__field hidden-field\" name=\"_jet_engine_booking_form_id\" data-field-name=\"_jet_engine_booking_form_id\" value=\"617\">\n<input type=\"hidden\" class=\"jet-form-builder__field hidden-field\" name=\"_jet_engine_refer\" data-field-name=\"_jet_engine_refer\" value=\"https:\/\/effirox.com\/de\/wp-json\/wp\/v2\/pages\/114\/\">\n<input type=\"hidden\" class=\"jet-form-builder__field hidden-field\" name=\"__queried_post_id\" data-field-name=\"__queried_post_id\" value=\"114\">\n<input type=\"hidden\" class=\"jet-form-builder__field hidden-field\" name=\"_user_journey\" data-field-name=\"_user_journey\">\n\n<div class=\"wp-block-group is-layout-grid wp-container-core-group-is-layout-cf7a667c wp-block-group-is-layout-grid\"><div  class=\"jet-form-builder-row field-type-text-field\" >\n<div class=\"jet-form-builder__label\">\r\n<div class=\"jet-form-builder__label-text\">Ihr Name <span class=\"jet-form-builder__required\">*<\/span><\/div><\/div><div class=\"jet-form-builder__field-wrap\">\n\t\t\t\t<input required=\"required\" name=\"name\" id=\"name\" type=\"text\" data-field-name=\"name\" class=\"jet-form-builder__field text-field\" data-jfb-sync=\"null\" autocomplete=\"off_VwIFDhcW\">\n\t\t\t\t\t<\/div>\n<\/div>\n\n<div  class=\"jet-form-builder-row field-type-text-field\" >\n<div class=\"jet-form-builder__label\">\r\n<div class=\"jet-form-builder__label-text\">E-Mail <span class=\"jet-form-builder__required\">*<\/span><\/div><\/div><div class=\"jet-form-builder__field-wrap\">\n\t\t\t\t<input required=\"required\" name=\"email\" id=\"email\" type=\"email\" data-field-name=\"email\" class=\"jet-form-builder__field text-field\" data-jfb-sync=\"null\" autocomplete=\"off_LTuhGCDQ\">\n\t\t\t\t\t<\/div>\n<\/div><\/div>\n\n\n\n<div class=\"wp-block-group is-layout-grid wp-container-core-group-is-layout-cf7a667c wp-block-group-is-layout-grid\"><div  class=\"jet-form-builder-row field-type-text-field\" >\n<div class=\"jet-form-builder__label\">\r\n<div class=\"jet-form-builder__label-text\">Telefon\/WhatsApp (sehr wichtig) <span class=\"jet-form-builder__required\">*<\/span><\/div><\/div><div class=\"jet-form-builder__field-wrap\">\n\t\t\t\t<input required=\"required\" name=\"yourphone\" id=\"yourphone\" type=\"tel\" data-field-name=\"yourphone\" class=\"jet-form-builder__field text-field\" data-jfb-sync=\"null\" autocomplete=\"off_4GYiaOnV\">\n\t\t\t\t\t<\/div>\n<\/div>\n\n<div  class=\"jet-form-builder-row field-type-text-field\" >\n<div class=\"jet-form-builder__label\">\r\n<div class=\"jet-form-builder__label-text\">Unternehmen <span class=\"jet-form-builder__required\">*<\/span><\/div><\/div><div class=\"jet-form-builder__field-wrap\">\n\t\t\t\t<input required=\"required\" name=\"company\" id=\"company\" type=\"text\" data-field-name=\"company\" class=\"jet-form-builder__field text-field\" data-jfb-sync=\"null\" autocomplete=\"off_CLoghAFy\">\n\t\t\t\t\t<\/div>\n<\/div><\/div>\n\n\n\n<div class=\"wp-block-group is-layout-grid wp-container-core-group-is-layout-cf7a667c wp-block-group-is-layout-grid\"><div  class=\"jet-form-builder-row field-type-text-field\" >\n<div class=\"jet-form-builder__label\">\r\n<div class=\"jet-form-builder__label-text\">Land <span class=\"jet-form-builder__required\">*<\/span><\/div><\/div><div class=\"jet-form-builder__field-wrap\">\n\t\t\t\t<input required=\"required\" name=\"country\" id=\"country\" type=\"text\" data-field-name=\"country\" class=\"jet-form-builder__field text-field\" data-jfb-sync=\"null\" autocomplete=\"off_UBAEm3Yn\">\n\t\t\t\t\t<\/div>\n<\/div>\n\n<div  class=\"jet-form-builder-row field-type-text-field\" >\n<div class=\"jet-form-builder__label\">\r\n<div class=\"jet-form-builder__label-text\">Ihre Website<\/div><\/div><div class=\"jet-form-builder__field-wrap\">\n\t\t\t\t<input name=\"your_website\" id=\"your_website\" type=\"text\" data-field-name=\"your_website\" class=\"jet-form-builder__field text-field\" data-jfb-sync=\"null\" autocomplete=\"off_INYapzy2\">\n\t\t\t\t\t<\/div>\n<\/div>\n\n<div  class=\"jet-form-builder-row field-type-select-field wp-block-jet-forms-select-field\">\n<div class=\"jet-form-builder__label\">\r\n<div class=\"jet-form-builder__label-text\">An welchem Produkt sind Sie interessiert? <span class=\"jet-form-builder__required\">*<\/span><\/div><\/div><div class=\"jet-form-builder__field-wrap\">\n\t<select class=\"jet-form-builder__field select-field\" required=\"required\" name=\"what_product_are_you_interested_in\" data-field-name=\"what_product_are_you_interested_in\" id=\"what_product_are_you_interested_in\" data-jfb-sync=\"null\">\n\t\t<option value=\"Electronic Shelf Labels\" >Electronic Shelf Labels<\/option><option value=\"Bluetooth E-ink Display\" >Bluetooth E-Ink-Display<\/option><option value=\"WiFi E-ink Display\" >WLAN-E-Ink-Display<\/option><option value=\"Electronic Buffet Label\" >Electronic Buffet Label<\/option><option value=\"Digital Room Signage\" >Digital Room Signage<\/option><option value=\"E-ink Badge \" >E-Ink-Abzeichen <\/option><option value=\"E-ink Signage\" >E-ink Signage<\/option>\t<\/select>\n<\/div>\n<\/div><\/div>\n\n\n<div  class=\"jet-form-builder-row field-type-textarea-field\" >\n<div class=\"jet-form-builder__label\">\r\n<div class=\"jet-form-builder__label-text\">Nachricht <span class=\"jet-form-builder__required\">*<\/span><\/div><\/div><div class=\"jet-form-builder__field-wrap\">\n\t\t<textarea class=\"jet-form-builder__field textarea-field\" required=\"required\" name=\"message\" data-field-name=\"message\" id=\"message\" data-jfb-sync=\"null\"><\/textarea>\n\t<\/div>\n<\/div>\n\n<div  class=\"jet-form-builder-row field-type-submit-field\" >\n\t<div data-type=\"submit\" class=\"jet-form-builder__action-button-wrapper jet-form-builder__submit-wrap\">\n\t<button class=\"jet-form-builder__action-button jet-form-builder__submit submit-type-ajax\" type=\"submit\">Einreichen<\/button>\n\t<\/div>\n\t\n<\/div>\n\n\n<p><\/p>\n\n\n\n<input type=\"hidden\" class=\"captcha-token\" name=\"_captcha_token\" value=\"\"\/>\n\t<div class=\"jet-form-builder-messages-wrap\" data-form-id=\"617\"><\/div>\n<input type=\"hidden\" name=\"trp-form-language\" value=\"de\"\/><\/form>\n\t\t\t\t<\/div>\n\t\t\t\t<\/div>\n\t\t\t\t\t<\/div>\n\t\t\t\t<\/div>\n\t\t\t\t<\/div>\n\t\t\t\t\t<\/div>\n\t\t\t\t\t\t\t\t<\/div>\n\t\t\t\t<\/div>\n\t\t\t\t\t<\/div>\n\t\t\t\t<\/div>\n\t\t\t\t<\/div>","protected":false},"excerpt":{"rendered":"<p>Effirox Technology Co., Ltd Address: Building 6, Zhichuang Industrial Park, No. 28 Sanshan Avenue, Nanhai District, Foshan, Guangdong, China To<\/p>","protected":false},"author":2,"featured_media":0,"parent":0,"menu_order":0,"comment_status":"closed","ping_status":"closed","template":"","meta":{"footnotes":""},"class_list":["post-114","page","type-page","status-publish","hentry"],"_links":{"self":[{"href":"https:\/\/effirox.com\/de\/wp-json\/wp\/v2\/pages\/114","targetHints":{"allow":["GET"]}}],"collection":[{"href":"https:\/\/effirox.com\/de\/wp-json\/wp\/v2\/pages"}],"about":[{"href":"https:\/\/effirox.com\/de\/wp-json\/wp\/v2\/types\/page"}],"author":[{"embeddable":true,"href":"https:\/\/effirox.com\/de\/wp-json\/wp\/v2\/users\/2"}],"replies":[{"embeddable":true,"href":"https:\/\/effirox.com\/de\/wp-json\/wp\/v2\/comments?post=114"}],"version-history":[{"count":29,"href":"https:\/\/effirox.com\/de\/wp-json\/wp\/v2\/pages\/114\/revisions"}],"predecessor-version":[{"id":3772,"href":"https:\/\/effirox.com\/de\/wp-json\/wp\/v2\/pages\/114\/revisions\/3772"}],"wp:attachment":[{"href":"https:\/\/effirox.com\/de\/wp-json\/wp\/v2\/media?parent=114"}],"curies":[{"name":"wp","href":"https:\/\/api.w.org\/{rel}","templated":true}]}}